{"id":144,"date":"2020-09-15T14:20:11","date_gmt":"2020-09-15T14:20:11","guid":{"rendered":"http:\/\/gasthaus-abrahams.de\/?page_id=144"},"modified":"2023-12-29T14:55:07","modified_gmt":"2023-12-29T13:55:07","slug":"ueber-uns","status":"publish","type":"page","link":"https:\/\/gasthaus-abrahams.de\/?page_id=144","title":{"rendered":"\u00fcber uns"},"content":{"rendered":"\n<p class=\"has-text-align-center has-larger-font-size\"><strong>\u00fcber uns<\/strong><\/p>\n\n\n\n<p><em>Bereits 1844 wurde der Gasthof Abrahams erstmals urkundlich erw\u00e4hnt und wird heute in der sechsten Generation von Michael Abrahams mit seinem Team gef\u00fchrt.<\/em><\/p>\n\n\n\n<figure class=\"wp-block-image size-large is-resized\"><img loading=\"lazy\" decoding=\"async\" width=\"619\" height=\"464\" src=\"https:\/\/gasthaus-abrahams.de\/wp-content\/uploads\/2020\/09\/a90d0f98-6ea6-11ea-a4bf-779b4c362fed.jpg\" alt=\"\" class=\"wp-image-147\" style=\"width:575px;height:431px\" srcset=\"https:\/\/gasthaus-abrahams.de\/wp-content\/uploads\/2020\/09\/a90d0f98-6ea6-11ea-a4bf-779b4c362fed.jpg 619w, https:\/\/gasthaus-abrahams.de\/wp-content\/uploads\/2020\/09\/a90d0f98-6ea6-11ea-a4bf-779b4c362fed-300x225.jpg 300w\" sizes=\"(max-width: 619px) 100vw, 619px\" \/><figcaption class=\"wp-element-caption\">Bild: Michael Kleinrensing<\/figcaption><\/figure>\n\n\n\n<p><\/p>\n\n\n\n<p>Das Gasthaus Abrahams ist also ein Haus mit Tradition.<\/p>\n\n\n\n<p>Neben der Gastst\u00e4tte wurde noch lange eine B\u00e4ckerei betrieben, die Michaels Vater \u201eTuten &#8211; Hans&#8220; 1969 aufgab. <br>Bis nachts in der Kneipe und morgens in die Backstube, das ging nicht mehr. Aus der B\u00e4ckerei stammt auch der Name Tute:<br>&#8222;<em>Tante Lenna fragte immer, soll ich die Br\u00f6tchen in die Tute (T\u00fcte) packen?<\/em>&#8222;<\/p>\n\n\n\n<p>Ein geschmiedetes Exponat gr\u00fc\u00dft neben der Eingangst\u00fcr.<\/p>\n\n\n\n<p>Zu Zeiten von Pastor Hecking kamen 1867 Schwestern von Salzkotten zur ambulanten Krankenpflege nach Boele. Sie wohnten in Abrahams Haus. So war Abrahams Haus das erste Schwesternhaus in Boele. <br>Aber auch durch \u201eTuten &#8211; Hans&#8220; wurden in der Gastst\u00e4tte viele G\u00e4ste selig gemacht. Frei nach dem Motto:<br>von Abrahams Scho\u00df ( St. Johannes Kirche) an Abrahams Tresen.<\/p>\n\n\n\n<p>Seit Jahrzehnten ist unser Haus f\u00fcr seine vorz\u00fcgliche K\u00fcche bekannt. Das wei\u00df man vor allem f\u00fcr Familienfeiern, wie Hochzeiten, Geburtstage, Taufen und Beerdigungen zu sch\u00e4tzen.<\/p>\n\n\n\n<p>Aber auch der sonnt\u00e4gliche Mittagstisch wird gerne angenommen.<\/p>\n\n\n\n<p>Mittlerweile werden diese K\u00f6stlichkeiten auch f\u00fcr ihre Feiern au\u00dfer Haus geliefert. <br>Wir beraten sie gerne.<\/p>\n\n\n\n<p>Saisonale Angebote wie zur Spargelzeit und Pfifferlings Ernte sowie Wildspezialit\u00e4ten runden unser Angebot ab. <br>Im Winter ist Gr\u00fcnkohl mit Kohlwurst bzw. Rippchen Genuss und Pflicht zugleich.<\/p>\n\n\n\n<p>Tradition und Gem\u00fctlichkeit wird auch heute noch bei uns gro\u00df geschrieben.<\/p>\n\n\n\n<p>Ein Beweis ist sicherlich, dass sich Jung und Alt hier wohlt\u00fcblen. Zitat von \u201eTuten-Hans&#8220;, wenn ein Gast zu hektisch wurde: \u201eWir sind hier nicht im Treibhaus, sondern im Wirtshaus.<\/p>\n\n\n\n<p>Besuchen Sie uns, gerne halten wir einen Platz an der Theke oder im Gastraum bereit.  <\/p>\n\n\n\n<p>Mit freundlichen Gr\u00fc\u00dfen<\/p>\n\n\n\n<p>Michael Abrahams<\/p>\n\n\n\n<figure class=\"wp-block-image size-large\"><img loading=\"lazy\" decoding=\"async\" width=\"299\" height=\"365\" src=\"https:\/\/gasthaus-abrahams.de\/wp-content\/uploads\/2020\/09\/8e1d2628-6ea6-11ea-a4bf-779b4c362fed-1.jpg\" alt=\"\" class=\"wp-image-148\" srcset=\"https:\/\/gasthaus-abrahams.de\/wp-content\/uploads\/2020\/09\/8e1d2628-6ea6-11ea-a4bf-779b4c362fed-1.jpg 299w, https:\/\/gasthaus-abrahams.de\/wp-content\/uploads\/2020\/09\/8e1d2628-6ea6-11ea-a4bf-779b4c362fed-1-246x300.jpg 246w\" sizes=\"(max-width: 299px) 100vw, 299px\" \/><figcaption class=\"wp-element-caption\">Bild: Michael Kleinrensing<\/figcaption><\/figure>\n\n\n\n<p><\/p>\n","protected":false},"excerpt":{"rendered":"<p>\u00fcber uns Bereits 1844 wurde der Gasthof Abrahams erstmals urkundlich erw\u00e4hnt und wird heute in der sechsten Generation von Michael Abrahams mit seinem Team gef\u00fchrt. Das Gasthaus Abrahams ist also ein Haus mit Tradition. Neben der Gastst\u00e4tte wurde noch lange eine B\u00e4ckerei betrieben, die Michaels Vater \u201eTuten &#8211; Hans&#8220; 1969 aufgab. Bis nachts in der [&hellip;]<\/p>\n","protected":false},"author":1,"featured_media":0,"parent":0,"menu_order":0,"comment_status":"closed","ping_status":"closed","template":"","meta":{"footnotes":""},"_links":{"self":[{"href":"https:\/\/gasthaus-abrahams.de\/index.php?rest_route=\/wp\/v2\/pages\/144"}],"collection":[{"href":"https:\/\/gasthaus-abrahams.de\/index.php?rest_route=\/wp\/v2\/pages"}],"about":[{"href":"https:\/\/gasthaus-abrahams.de\/index.php?rest_route=\/wp\/v2\/types\/page"}],"author":[{"embeddable":true,"href":"https:\/\/gasthaus-abrahams.de\/index.php?rest_route=\/wp\/v2\/users\/1"}],"replies":[{"embeddable":true,"href":"https:\/\/gasthaus-abrahams.de\/index.php?rest_route=%2Fwp%2Fv2%2Fcomments&post=144"}],"version-history":[{"count":11,"href":"https:\/\/gasthaus-abrahams.de\/index.php?rest_route=\/wp\/v2\/pages\/144\/revisions"}],"predecessor-version":[{"id":685,"href":"https:\/\/gasthaus-abrahams.de\/index.php?rest_route=\/wp\/v2\/pages\/144\/revisions\/685"}],"wp:attachment":[{"href":"https:\/\/gasthaus-abrahams.de\/index.php?rest_route=%2Fwp%2Fv2%2Fmedia&parent=144"}],"curies":[{"name":"wp","href":"https:\/\/api.w.org\/{rel}","templated":true}]}}