{"id":10,"date":"2020-12-08T17:13:00","date_gmt":"2020-12-08T16:13:00","guid":{"rendered":"http:\/\/gasthaus-abrahams.de\/?page_id=10"},"modified":"2026-04-28T13:31:28","modified_gmt":"2026-04-28T12:31:28","slug":"startseite","status":"publish","type":"page","link":"https:\/\/gasthaus-abrahams.de\/","title":{"rendered":"Herzlich Willkommen"},"content":{"rendered":"\n<figure class=\"wp-block-image alignfull size-large is-style-default\"><img loading=\"lazy\" decoding=\"async\" width=\"842\" height=\"361\" src=\"https:\/\/gasthaus-abrahams.de\/wp-content\/uploads\/2020\/04\/IMG_7193-3.jpg\" alt=\"\" class=\"wp-image-78\" srcset=\"https:\/\/gasthaus-abrahams.de\/wp-content\/uploads\/2020\/04\/IMG_7193-3.jpg 842w, https:\/\/gasthaus-abrahams.de\/wp-content\/uploads\/2020\/04\/IMG_7193-3-300x129.jpg 300w, https:\/\/gasthaus-abrahams.de\/wp-content\/uploads\/2020\/04\/IMG_7193-3-768x329.jpg 768w\" sizes=\"(max-width: 842px) 100vw, 842px\" \/><\/figure>\n\n\n\n<hr class=\"wp-block-separator has-alpha-channel-opacity\"\/>\n\n\n\n<p class=\"has-text-align-center\" style=\"font-size:40px\"><strong>Gasthaus Abrahams<\/strong><\/p>\n\n\n\n<p class=\"has-text-align-center has-background\" style=\"background:radial-gradient(rgba(255,105,0,1) 0%,rgb(207,46,46) 100%)\">Essenbestellungen f\u00fcr Sonntagmittag bitte bis Samstagabend vorbestellen.  Donnerstagabend den 30.04. und Freitag den 01.05. geschlossen. <br><br>F\u00fcr Lieferungen m\u00fcssen wir 1 \u20ac Aufschlag nehmen. <\/p>\n\n\n\n<p><\/p>\n\n\n\n<p class=\"has-text-align-center has-large-font-size\"><strong>Abhol- und Lieferdienst<\/strong><br>Mittwoch bis Sonntag <br>von 11:30 &#8211; 14:00Uhr &amp; 17:30Uhr &#8211; 20:00Uhr<\/p>\n\n\n\n<p class=\"has-text-align-center has-large-font-size\">Samstagmittag geschlossen.<br><strong>Tel.: 02331\/3961153<\/strong><\/p>\n\n\n\n<p class=\"has-text-align-center has-larger-font-size\"><br><strong>Speisekarte <\/strong><br>g\u00fcltig f\u00fcr den 29.04.26 bis zum 03.05.26<mark style=\"background-color:rgba(0, 0, 0, 0)\" class=\"has-inline-color has-background-color\">.<\/mark><\/p>\n\n\n\n<p class=\"has-text-align-center\"><strong>&#8212; 1 &#8212;<\/strong><br>Reibekuchen mit Apfelkompott <strong>7,50 \u20ac<\/strong><\/p>\n\n\n\n<p class=\"has-text-align-center\">Reibekuchen mit R\u00e4ucherlachs und Dill-Senf-Sauce <strong>9,00 \u20ac<\/strong><\/p>\n\n\n\n<p class=\"has-text-align-center\"><strong>&#8212; 2 &#8212;<\/strong><br>bunter Salatteller mit Makkaroni, Pilze, Paprika  <strong>10,50 \u20ac<\/strong><\/p>\n\n\n\n<p class=\"has-text-align-center\">und Zucchini, dazu  H\u00e4hnchenbruststreifen<\/p>\n\n\n\n<p class=\"has-text-align-center\">&#8212; <strong>3<\/strong> &#8212;<br>Schnitzel mit Blumenkohl und Hollandaise \u00fcberbacken, <strong>12,50  \u20ac<\/strong>  <\/p>\n\n\n\n<p class=\"has-text-align-center\">dazu Kroketten<\/p>\n\n\n\n<p class=\"has-text-align-center\"><strong>&#8212; 4 &#8212;<\/strong><br>Pflaumenbraten vom Schwein,  <strong>12,50 \u20ac<\/strong> <\/p>\n\n\n\n<p class=\"has-text-align-center\">dazu Erbsen mit M\u00f6hren und Salzkartoffeln<\/p>\n\n\n\n<p class=\"has-text-align-center\"><br><strong>&#8212; 5 &#8212;<\/strong><br>frischer Spargel mit gemischtem Schinken <strong>20,50 \u20ac <\/strong><\/p>\n\n\n\n<p class=\"has-text-align-center\">          frischer Spargel mit einem Schnitzel <strong>22,50<\/strong> <strong>\u20ac<\/strong><\/p>\n\n\n\n<p class=\"has-text-align-center\">          frischer Spargel mit R\u00e4ucherlachs <strong>20,50 \u20ac<\/strong><\/p>\n\n\n\n<p class=\"has-text-align-center\">zu den Spargelgerichten reichen wir Salzkartoffeln <\/p>\n\n\n\n<p class=\"has-text-align-center\">und zerlassene Butter oder Hollandaise<\/p>\n\n\n\n<p class=\"has-text-align-center\"><br><strong>&#8212; 6 &#8212;<\/strong><br>Schnitzel (Zigeuner oder Champignon) <strong>12,50\u20ac<\/strong><br>dazu Pommes Frites oder Kroketten und Salat<br><\/p>\n","protected":false},"excerpt":{"rendered":"<p>Gasthaus Abrahams Essenbestellungen f\u00fcr Sonntagmittag bitte bis Samstagabend vorbestellen. Donnerstagabend den 30.04. und Freitag den 01.05. geschlossen. F\u00fcr Lieferungen m\u00fcssen wir 1 \u20ac Aufschlag nehmen. Abhol- und LieferdienstMittwoch bis Sonntag von 11:30 &#8211; 14:00Uhr &amp; 17:30Uhr &#8211; 20:00Uhr Samstagmittag geschlossen.Tel.: 02331\/3961153 Speisekarte g\u00fcltig f\u00fcr den 29.04.26 bis zum 03.05.26. &#8212; 1 &#8212;Reibekuchen mit Apfelkompott 7,50 [&hellip;]<\/p>\n","protected":false},"author":1,"featured_media":0,"parent":0,"menu_order":0,"comment_status":"closed","ping_status":"closed","template":"templates\/template-full-width.php","meta":{"footnotes":""},"_links":{"self":[{"href":"https:\/\/gasthaus-abrahams.de\/index.php?rest_route=\/wp\/v2\/pages\/10"}],"collection":[{"href":"https:\/\/gasthaus-abrahams.de\/index.php?rest_route=\/wp\/v2\/pages"}],"about":[{"href":"https:\/\/gasthaus-abrahams.de\/index.php?rest_route=\/wp\/v2\/types\/page"}],"author":[{"embeddable":true,"href":"https:\/\/gasthaus-abrahams.de\/index.php?rest_route=\/wp\/v2\/users\/1"}],"replies":[{"embeddable":true,"href":"https:\/\/gasthaus-abrahams.de\/index.php?rest_route=%2Fwp%2Fv2%2Fcomments&post=10"}],"version-history":[{"count":478,"href":"https:\/\/gasthaus-abrahams.de\/index.php?rest_route=\/wp\/v2\/pages\/10\/revisions"}],"predecessor-version":[{"id":1004,"href":"https:\/\/gasthaus-abrahams.de\/index.php?rest_route=\/wp\/v2\/pages\/10\/revisions\/1004"}],"wp:attachment":[{"href":"https:\/\/gasthaus-abrahams.de\/index.php?rest_route=%2Fwp%2Fv2%2Fmedia&parent=10"}],"curies":[{"name":"wp","href":"https:\/\/api.w.org\/{rel}","templated":true}]}}